{"id":627,"date":"2023-04-07T06:04:00","date_gmt":"2023-04-07T11:04:00","guid":{"rendered":"http:\/\/myzonehotels.com\/fr\/?page_id=627"},"modified":"2025-12-10T20:18:01","modified_gmt":"2025-12-11T01:18:01","slug":"ville-de-quebec","status":"publish","type":"page","link":"https:\/\/myzonehotels.com\/fr\/ville-de-quebec\/","title":{"rendered":"Ville de Qu\u00e9bec"},"content":{"rendered":"\n<p align=\"right\">\n<a href=\"https:\/\/myzonehotels.com\/\" title=\"EN \/\">EN \/<\/a><a href=\"https:\/\/myzonehotels.com\/fr\/ville-de-quebec\/\" title=\" FR\" class=\"current_language\"> FR<\/a>\n<\/p>\n\n\n<div class=\"wp-block-kadence-posts kb-posts kb-posts-id-_8748d4-d5 content-wrap grid-cols kb-posts-style-boxed grid-sm-col-2 grid-lg-col-3 item-image-style-above\"><article class=\"entry content-bg loop-entry post-835 post type-post status-publish format-standard has-post-thumbnail hentry category-revue category-ville-quebec tag-canada tag-choice-hotels tag-clarion tag-clarion-pointe tag-hotel-2 tag-quebec-2\">\n\t\t\t<a class=\"post-thumbnail kadence-thumbnail-ratio-2-3\" href=\"https:\/\/myzonehotels.com\/fr\/revue\/clarion-pointe-aeroport-de-quebec\/\">\n\t\t\t<div class=\"post-thumbnail-inner\">\n\t\t\t\t<img width=\"768\" height=\"768\" src=\"https:\/\/myzonehotels.com\/fr\/wp-content\/uploads\/sites\/4\/2023\/11\/IMG_20220322_2106296x-768x768.jpg\" class=\"attachment-medium_large size-medium_large wp-post-image\" alt=\"Clarion Pointe Qu\u00e9bec\" loading=\"lazy\" srcset=\"https:\/\/myzonehotels.com\/fr\/wp-content\/uploads\/sites\/4\/2023\/11\/IMG_20220322_2106296x-768x768.jpg 768w, https:\/\/myzonehotels.com\/fr\/wp-content\/uploads\/sites\/4\/2023\/11\/IMG_20220322_2106296x-300x300.jpg 300w, https:\/\/myzonehotels.com\/fr\/wp-content\/uploads\/sites\/4\/2023\/11\/IMG_20220322_2106296x-1024x1024.jpg 1024w, https:\/\/myzonehotels.com\/fr\/wp-content\/uploads\/sites\/4\/2023\/11\/IMG_20220322_2106296x-150x150.jpg 150w, https:\/\/myzonehotels.com\/fr\/wp-content\/uploads\/sites\/4\/2023\/11\/IMG_20220322_2106296x.jpg 1080w\" sizes=\"(max-width: 768px) 100vw, 768px\" \/>\t\t\t<\/div>\n\t\t<\/a><!-- .post-thumbnail -->\n\t\t\t<div class=\"entry-content-wrap\">\n\t\t<header class=\"entry-header\">\n\t<h3 class=\"entry-title\"><a href=\"https:\/\/myzonehotels.com\/fr\/revue\/clarion-pointe-aeroport-de-quebec\/\" rel=\"bookmark\">Clarion Pointe A\u00e9roport de Qu\u00e9bec<\/a><\/h3>\t<div class=\"entry-meta entry-meta-divider-dot\">\n\t\t<\/div><!-- .entry-meta -->\n\t<\/header><!-- .entry-header -->\n\t<div class=\"entry-summary\">\n\t\t<p>J\u2019ai s\u00e9journ\u00e9 au Clarion Pointe Qu\u00e9bec de Choices Hotels pour une nuit juste avant un d\u00e9part tr\u00e8s matinal de l\u2019a\u00e9roport.<\/p>\n\t<\/div><!-- .entry-summary -->\n\t<footer class=\"entry-footer\">\n\t\t\t<div class=\"entry-actions\">\n\t\t\t<p class=\"more-link-wrap\">\n\t\t\t\t<a href=\"https:\/\/myzonehotels.com\/fr\/revue\/clarion-pointe-aeroport-de-quebec\/\" class=\"post-more-link\">\n\t\t\t\t\tCONTINUER \u00c0 LIRE<span class=\"screen-reader-text\"> Clarion Pointe A\u00e9roport de Qu\u00e9bec<\/span><span class=\"kadence-svg-iconset svg-baseline\"><svg aria-hidden=\"true\" class=\"kadence-svg-icon kadence-arrow-right-alt-svg\" fill=\"currentColor\" version=\"1.1\" xmlns=\"http:\/\/www.w3.org\/2000\/svg\" width=\"27\" height=\"28\" viewBox=\"0 0 27 28\"><title>Continue<\/title><path d=\"M27 13.953c0 0.141-0.063 0.281-0.156 0.375l-6 5.531c-0.156 0.141-0.359 0.172-0.547 0.094-0.172-0.078-0.297-0.25-0.297-0.453v-3.5h-19.5c-0.281 0-0.5-0.219-0.5-0.5v-3c0-0.281 0.219-0.5 0.5-0.5h19.5v-3.5c0-0.203 0.109-0.375 0.297-0.453s0.391-0.047 0.547 0.078l6 5.469c0.094 0.094 0.156 0.219 0.156 0.359v0z\"><\/path>\n\t\t\t<\/svg><\/span>\t\t\t\t<\/a>\n\t\t\t<\/p>\n\t\t<\/div><!-- .entry-actions -->\n\t\t<\/footer><!-- .entry-footer -->\t<\/div>\n<\/article>\n<article class=\"entry content-bg loop-entry post-727 post type-post status-publish format-standard has-post-thumbnail hentry category-revue category-ville-quebec tag-canada tag-courtyard tag-hotel-2 tag-marriott tag-quebec-2\">\n\t\t\t<a class=\"post-thumbnail kadence-thumbnail-ratio-2-3\" href=\"https:\/\/myzonehotels.com\/fr\/revue\/courtyard-quebec\/\">\n\t\t\t<div class=\"post-thumbnail-inner\">\n\t\t\t\t<img width=\"768\" height=\"768\" src=\"https:\/\/myzonehotels.com\/fr\/wp-content\/uploads\/sites\/4\/2023\/09\/IMG_20220304_2246258x-768x768.jpg\" class=\"attachment-medium_large size-medium_large wp-post-image\" alt=\"Courtyard Qu\u00e9bec\" loading=\"lazy\" srcset=\"https:\/\/myzonehotels.com\/fr\/wp-content\/uploads\/sites\/4\/2023\/09\/IMG_20220304_2246258x-768x768.jpg 768w, https:\/\/myzonehotels.com\/fr\/wp-content\/uploads\/sites\/4\/2023\/09\/IMG_20220304_2246258x-300x300.jpg 300w, https:\/\/myzonehotels.com\/fr\/wp-content\/uploads\/sites\/4\/2023\/09\/IMG_20220304_2246258x-1024x1024.jpg 1024w, https:\/\/myzonehotels.com\/fr\/wp-content\/uploads\/sites\/4\/2023\/09\/IMG_20220304_2246258x-150x150.jpg 150w, https:\/\/myzonehotels.com\/fr\/wp-content\/uploads\/sites\/4\/2023\/09\/IMG_20220304_2246258x.jpg 1080w\" sizes=\"(max-width: 768px) 100vw, 768px\" \/>\t\t\t<\/div>\n\t\t<\/a><!-- .post-thumbnail -->\n\t\t\t<div class=\"entry-content-wrap\">\n\t\t<header class=\"entry-header\">\n\t<h3 class=\"entry-title\"><a href=\"https:\/\/myzonehotels.com\/fr\/revue\/courtyard-quebec\/\" rel=\"bookmark\">Courtyard Qu\u00e9bec<\/a><\/h3>\t<div class=\"entry-meta entry-meta-divider-dot\">\n\t\t<\/div><!-- .entry-meta -->\n\t<\/header><!-- .entry-header -->\n\t<div class=\"entry-summary\">\n\t\t<p>J\u2019ai demeur\u00e9 au Courtyard Qu\u00e9bec pour un court s\u00e9jour d\u2019affaire. C\u2019est une construction r\u00e9cente et bien situ\u00e9e. Un endroit agr\u00e9able<\/p>\n\t<\/div><!-- .entry-summary -->\n\t<footer class=\"entry-footer\">\n\t\t\t<div class=\"entry-actions\">\n\t\t\t<p class=\"more-link-wrap\">\n\t\t\t\t<a href=\"https:\/\/myzonehotels.com\/fr\/revue\/courtyard-quebec\/\" class=\"post-more-link\">\n\t\t\t\t\tCONTINUER \u00c0 LIRE<span class=\"screen-reader-text\"> Courtyard Qu\u00e9bec<\/span><span class=\"kadence-svg-iconset svg-baseline\"><svg aria-hidden=\"true\" class=\"kadence-svg-icon kadence-arrow-right-alt-svg\" fill=\"currentColor\" version=\"1.1\" xmlns=\"http:\/\/www.w3.org\/2000\/svg\" width=\"27\" height=\"28\" viewBox=\"0 0 27 28\"><title>Continue<\/title><path d=\"M27 13.953c0 0.141-0.063 0.281-0.156 0.375l-6 5.531c-0.156 0.141-0.359 0.172-0.547 0.094-0.172-0.078-0.297-0.25-0.297-0.453v-3.5h-19.5c-0.281 0-0.5-0.219-0.5-0.5v-3c0-0.281 0.219-0.5 0.5-0.5h19.5v-3.5c0-0.203 0.109-0.375 0.297-0.453s0.391-0.047 0.547 0.078l6 5.469c0.094 0.094 0.156 0.219 0.156 0.359v0z\"><\/path>\n\t\t\t<\/svg><\/span>\t\t\t\t<\/a>\n\t\t\t<\/p>\n\t\t<\/div><!-- .entry-actions -->\n\t\t<\/footer><!-- .entry-footer -->\t<\/div>\n<\/article>\n<article class=\"entry content-bg loop-entry post-884 post type-post status-publish format-standard has-post-thumbnail hentry category-revue category-ville-quebec tag-auberge-quebec tag-canada tag-hotel-2 tag-jaro tag-quebec-2 tag-ville-de-quebec\">\n\t\t\t<a class=\"post-thumbnail kadence-thumbnail-ratio-2-3\" href=\"https:\/\/myzonehotels.com\/fr\/revue\/auberge-quebec\/\">\n\t\t\t<div class=\"post-thumbnail-inner\">\n\t\t\t\t<img width=\"768\" height=\"768\" src=\"https:\/\/myzonehotels.com\/fr\/wp-content\/uploads\/sites\/4\/2024\/01\/IMG_20230616_2135408x-768x768.jpg\" class=\"attachment-medium_large size-medium_large wp-post-image\" alt=\"Auberge Qu\u00e9bec\" loading=\"lazy\" srcset=\"https:\/\/myzonehotels.com\/fr\/wp-content\/uploads\/sites\/4\/2024\/01\/IMG_20230616_2135408x-768x768.jpg 768w, https:\/\/myzonehotels.com\/fr\/wp-content\/uploads\/sites\/4\/2024\/01\/IMG_20230616_2135408x-300x300.jpg 300w, https:\/\/myzonehotels.com\/fr\/wp-content\/uploads\/sites\/4\/2024\/01\/IMG_20230616_2135408x-1024x1024.jpg 1024w, https:\/\/myzonehotels.com\/fr\/wp-content\/uploads\/sites\/4\/2024\/01\/IMG_20230616_2135408x-150x150.jpg 150w, https:\/\/myzonehotels.com\/fr\/wp-content\/uploads\/sites\/4\/2024\/01\/IMG_20230616_2135408x.jpg 1080w\" sizes=\"(max-width: 768px) 100vw, 768px\" \/>\t\t\t<\/div>\n\t\t<\/a><!-- .post-thumbnail -->\n\t\t\t<div class=\"entry-content-wrap\">\n\t\t<header class=\"entry-header\">\n\t<h3 class=\"entry-title\"><a href=\"https:\/\/myzonehotels.com\/fr\/revue\/auberge-quebec\/\" rel=\"bookmark\">Auberge Qu\u00e9bec<\/a><\/h3>\t<div class=\"entry-meta entry-meta-divider-dot\">\n\t\t<\/div><!-- .entry-meta -->\n\t<\/header><!-- .entry-header -->\n\t<div class=\"entry-summary\">\n\t\t<p>L\u2019Auberge Qu\u00e9bec est une propri\u00e9t\u00e9 du groupe h\u00f4telier Jaro qui poss\u00e8de plusieurs autres h\u00f4tels dans la ville de Qu\u00e9bec. J\u2019ai<\/p>\n\t<\/div><!-- .entry-summary -->\n\t<footer class=\"entry-footer\">\n\t\t\t<div class=\"entry-actions\">\n\t\t\t<p class=\"more-link-wrap\">\n\t\t\t\t<a href=\"https:\/\/myzonehotels.com\/fr\/revue\/auberge-quebec\/\" class=\"post-more-link\">\n\t\t\t\t\tCONTINUER \u00c0 LIRE<span class=\"screen-reader-text\"> Auberge Qu\u00e9bec<\/span><span class=\"kadence-svg-iconset svg-baseline\"><svg aria-hidden=\"true\" class=\"kadence-svg-icon kadence-arrow-right-alt-svg\" fill=\"currentColor\" version=\"1.1\" xmlns=\"http:\/\/www.w3.org\/2000\/svg\" width=\"27\" height=\"28\" viewBox=\"0 0 27 28\"><title>Continue<\/title><path d=\"M27 13.953c0 0.141-0.063 0.281-0.156 0.375l-6 5.531c-0.156 0.141-0.359 0.172-0.547 0.094-0.172-0.078-0.297-0.25-0.297-0.453v-3.5h-19.5c-0.281 0-0.5-0.219-0.5-0.5v-3c0-0.281 0.219-0.5 0.5-0.5h19.5v-3.5c0-0.203 0.109-0.375 0.297-0.453s0.391-0.047 0.547 0.078l6 5.469c0.094 0.094 0.156 0.219 0.156 0.359v0z\"><\/path>\n\t\t\t<\/svg><\/span>\t\t\t\t<\/a>\n\t\t\t<\/p>\n\t\t<\/div><!-- .entry-actions -->\n\t\t<\/footer><!-- .entry-footer -->\t<\/div>\n<\/article>\n<article class=\"entry content-bg loop-entry post-584 post type-post status-publish format-standard has-post-thumbnail hentry category-revue category-ville-quebec tag-canada tag-delta tag-hotel-2 tag-marriott tag-quebec-2 tag-ville-de-quebec\">\n\t\t\t<a class=\"post-thumbnail kadence-thumbnail-ratio-2-3\" href=\"https:\/\/myzonehotels.com\/fr\/revue\/delta-quebec\/\">\n\t\t\t<div class=\"post-thumbnail-inner\">\n\t\t\t\t<img width=\"768\" height=\"432\" src=\"https:\/\/myzonehotels.com\/fr\/wp-content\/uploads\/sites\/4\/2023\/05\/Vignette_IMG_20230408_0906551-768x432.jpg\" class=\"attachment-medium_large size-medium_large wp-post-image\" alt=\"Delta Qu\u00e9bec\" loading=\"lazy\" srcset=\"https:\/\/myzonehotels.com\/fr\/wp-content\/uploads\/sites\/4\/2023\/05\/Vignette_IMG_20230408_0906551-768x432.jpg 768w, https:\/\/myzonehotels.com\/fr\/wp-content\/uploads\/sites\/4\/2023\/05\/Vignette_IMG_20230408_0906551-300x169.jpg 300w, https:\/\/myzonehotels.com\/fr\/wp-content\/uploads\/sites\/4\/2023\/05\/Vignette_IMG_20230408_0906551-1024x576.jpg 1024w, https:\/\/myzonehotels.com\/fr\/wp-content\/uploads\/sites\/4\/2023\/05\/Vignette_IMG_20230408_0906551.jpg 1280w\" sizes=\"(max-width: 768px) 100vw, 768px\" \/>\t\t\t<\/div>\n\t\t<\/a><!-- .post-thumbnail -->\n\t\t\t<div class=\"entry-content-wrap\">\n\t\t<header class=\"entry-header\">\n\t<h3 class=\"entry-title\"><a href=\"https:\/\/myzonehotels.com\/fr\/revue\/delta-quebec\/\" rel=\"bookmark\">Delta Qu\u00e9bec<\/a><\/h3>\t<div class=\"entry-meta entry-meta-divider-dot\">\n\t\t<\/div><!-- .entry-meta -->\n\t<\/header><!-- .entry-header -->\n\t<div class=\"entry-summary\">\n\t\t<p>J\u2019ai demeur\u00e9 au Delta Qu\u00e9bec &nbsp;pour une nuit lors d\u2019un voyage d&rsquo;affaires. Cet h\u00f4tel est situ\u00e9 en plein centre-ville et<\/p>\n\t<\/div><!-- .entry-summary -->\n\t<footer class=\"entry-footer\">\n\t\t\t<div class=\"entry-actions\">\n\t\t\t<p class=\"more-link-wrap\">\n\t\t\t\t<a href=\"https:\/\/myzonehotels.com\/fr\/revue\/delta-quebec\/\" class=\"post-more-link\">\n\t\t\t\t\tCONTINUER \u00c0 LIRE<span class=\"screen-reader-text\"> Delta Qu\u00e9bec<\/span><span class=\"kadence-svg-iconset svg-baseline\"><svg aria-hidden=\"true\" class=\"kadence-svg-icon kadence-arrow-right-alt-svg\" fill=\"currentColor\" version=\"1.1\" xmlns=\"http:\/\/www.w3.org\/2000\/svg\" width=\"27\" height=\"28\" viewBox=\"0 0 27 28\"><title>Continue<\/title><path d=\"M27 13.953c0 0.141-0.063 0.281-0.156 0.375l-6 5.531c-0.156 0.141-0.359 0.172-0.547 0.094-0.172-0.078-0.297-0.25-0.297-0.453v-3.5h-19.5c-0.281 0-0.5-0.219-0.5-0.5v-3c0-0.281 0.219-0.5 0.5-0.5h19.5v-3.5c0-0.203 0.109-0.375 0.297-0.453s0.391-0.047 0.547 0.078l6 5.469c0.094 0.094 0.156 0.219 0.156 0.359v0z\"><\/path>\n\t\t\t<\/svg><\/span>\t\t\t\t<\/a>\n\t\t\t<\/p>\n\t\t<\/div><!-- .entry-actions -->\n\t\t<\/footer><!-- .entry-footer -->\t<\/div>\n<\/article>\n<\/div><div class=\"shariff\"><ul class=\"shariff-buttons theme-default orientation-horizontal buttonsize-medium\"><li class=\"shariff-button mastodon shariff-nocustomcolor\" style=\"background-color:#563ACC\"><a href=\"https:\/\/s2f.kytta.dev\/?text=Ville%20de%20Qu%C3%A9bec https%3A%2F%2Fmyzonehotels.com%2Ffr%2Fville-de-quebec%2F\" title=\"Envoyer par Mastodon\" aria-label=\"Envoyer par Mastodon\" role=\"button\" rel=\"noopener nofollow\" class=\"shariff-link\" style=\"; background-color:#6364FF; color:#fff\" target=\"_blank\"><span class=\"shariff-icon\" style=\"\"><svg width=\"75\" height=\"79\" viewBox=\"0 0 75 79\" fill=\"none\" xmlns=\"http:\/\/www.w3.org\/2000\/svg\"><path d=\"M37.813-.025C32.462-.058 27.114.13 21.79.598c-8.544.621-17.214 5.58-20.203 13.931C-1.12 23.318.408 32.622.465 41.65c.375 7.316.943 14.78 3.392 21.73 4.365 9.465 14.781 14.537 24.782 15.385 7.64.698 15.761-.213 22.517-4.026a54.1 54.1 0 0 0 .01-6.232c-6.855 1.316-14.101 2.609-21.049 1.074-3.883-.88-6.876-4.237-7.25-8.215-1.53-3.988 3.78-.43 5.584-.883 9.048 1.224 18.282.776 27.303-.462 7.044-.837 14.26-4.788 16.65-11.833 2.263-6.135 1.215-12.79 1.698-19.177.06-3.84.09-7.692-.262-11.52C72.596 7.844 63.223.981 53.834.684a219.453 219.453 0 0 0-16.022-.71zm11.294 12.882c5.5-.067 10.801 4.143 11.67 9.653.338 1.48.471 3 .471 4.515v21.088h-8.357c-.07-7.588.153-15.182-.131-22.765-.587-4.368-7.04-5.747-9.672-2.397-2.422 3.04-1.47 7.155-1.67 10.735v6.392h-8.307c-.146-4.996.359-10.045-.404-15.002-1.108-4.218-7.809-5.565-10.094-1.666-1.685 3.046-.712 6.634-.976 9.936v14.767h-8.354c.109-8.165-.238-16.344.215-24.5.674-5.346 5.095-10.389 10.676-10.627 4.902-.739 10.103 2.038 12.053 6.631.375 1.435 1.76 1.932 1.994.084 1.844-3.704 5.501-6.739 9.785-6.771.367-.044.735-.068 1.101-.073z\"\/><defs><linearGradient id=\"paint0_linear_549_34\" x1=\"37.0692\" y1=\"0\" x2=\"37.0692\" y2=\"79\" gradientUnits=\"userSpaceOnUse\"><stop stop-color=\"#6364FF\"\/><stop offset=\"1\" stop-color=\"#563ACC\"\/><\/linearGradient><\/defs><\/svg><\/span><span class=\"shariff-text\">partager<\/span>&nbsp;<\/a><\/li><li class=\"shariff-button facebook shariff-nocustomcolor\" style=\"background-color:#4273c8\"><a href=\"https:\/\/www.facebook.com\/sharer\/sharer.php?u=https%3A%2F%2Fmyzonehotels.com%2Ffr%2Fville-de-quebec%2F\" title=\"Envoyer par Facebook\" aria-label=\"Envoyer par Facebook\" role=\"button\" rel=\"nofollow\" class=\"shariff-link\" style=\"; background-color:#3b5998; color:#fff\" target=\"_blank\"><span class=\"shariff-icon\" style=\"\"><svg width=\"32px\" height=\"20px\" xmlns=\"http:\/\/www.w3.org\/2000\/svg\" viewBox=\"0 0 18 32\"><path fill=\"#3b5998\" d=\"M17.1 0.2v4.7h-2.8q-1.5 0-2.1 0.6t-0.5 1.9v3.4h5.2l-0.7 5.3h-4.5v13.6h-5.5v-13.6h-4.5v-5.3h4.5v-3.9q0-3.3 1.9-5.2t5-1.8q2.6 0 4.1 0.2z\"\/><\/svg><\/span><span class=\"shariff-text\">partager<\/span>&nbsp;<\/a><\/li><li class=\"shariff-button linkedin shariff-nocustomcolor\" style=\"background-color:#1488bf\"><a href=\"https:\/\/www.linkedin.com\/sharing\/share-offsite\/?url=https%3A%2F%2Fmyzonehotels.com%2Ffr%2Fville-de-quebec%2F\" title=\"Envoyer par LinkedIn\" aria-label=\"Envoyer par LinkedIn\" role=\"button\" rel=\"noopener nofollow\" class=\"shariff-link\" style=\"; background-color:#0077b5; color:#fff\" target=\"_blank\"><span class=\"shariff-icon\" style=\"\"><svg width=\"32px\" height=\"20px\" xmlns=\"http:\/\/www.w3.org\/2000\/svg\" viewBox=\"0 0 27 32\"><path fill=\"#0077b5\" d=\"M6.2 11.2v17.7h-5.9v-17.7h5.9zM6.6 5.7q0 1.3-0.9 2.2t-2.4 0.9h0q-1.5 0-2.4-0.9t-0.9-2.2 0.9-2.2 2.4-0.9 2.4 0.9 0.9 2.2zM27.4 18.7v10.1h-5.9v-9.5q0-1.9-0.7-2.9t-2.3-1.1q-1.1 0-1.9 0.6t-1.2 1.5q-0.2 0.5-0.2 1.4v9.9h-5.9q0-7.1 0-11.6t0-5.3l0-0.9h5.9v2.6h0q0.4-0.6 0.7-1t1-0.9 1.6-0.8 2-0.3q3 0 4.9 2t1.9 6z\"\/><\/svg><\/span><span class=\"shariff-text\">partager<\/span>&nbsp;<\/a><\/li><li class=\"shariff-button info shariff-nocustomcolor\" style=\"background-color:#eee\"><a href=\"http:\/\/ct.de\/-2467514\" title=\"Plus d'informations\" aria-label=\"Plus d'informations\" role=\"button\" rel=\"noopener \" class=\"shariff-link\" style=\"; background-color:#fff; color:#fff\" target=\"_blank\"><span class=\"shariff-icon\" style=\"\"><svg width=\"32px\" height=\"20px\" xmlns=\"http:\/\/www.w3.org\/2000\/svg\" viewBox=\"0 0 11 32\"><path fill=\"#999\" d=\"M11.4 24v2.3q0 0.5-0.3 0.8t-0.8 0.4h-9.1q-0.5 0-0.8-0.4t-0.4-0.8v-2.3q0-0.5 0.4-0.8t0.8-0.4h1.1v-6.8h-1.1q-0.5 0-0.8-0.4t-0.4-0.8v-2.3q0-0.5 0.4-0.8t0.8-0.4h6.8q0.5 0 0.8 0.4t0.4 0.8v10.3h1.1q0.5 0 0.8 0.4t0.3 0.8zM9.2 3.4v3.4q0 0.5-0.4 0.8t-0.8 0.4h-4.6q-0.4 0-0.8-0.4t-0.4-0.8v-3.4q0-0.4 0.4-0.8t0.8-0.4h4.6q0.5 0 0.8 0.4t0.4 0.8z\"\/><\/svg><\/span><\/a><\/li><\/ul><\/div>","protected":false},"excerpt":{"rendered":"","protected":false},"author":1,"featured_media":0,"parent":0,"menu_order":0,"comment_status":"closed","ping_status":"closed","template":"","meta":{"colormag_page_container_layout":"no_sidebar_full_width","colormag_page_sidebar_layout":"no_sidebar"},"_links":{"self":[{"href":"https:\/\/myzonehotels.com\/fr\/wp-json\/wp\/v2\/pages\/627"}],"collection":[{"href":"https:\/\/myzonehotels.com\/fr\/wp-json\/wp\/v2\/pages"}],"about":[{"href":"https:\/\/myzonehotels.com\/fr\/wp-json\/wp\/v2\/types\/page"}],"author":[{"embeddable":true,"href":"https:\/\/myzonehotels.com\/fr\/wp-json\/wp\/v2\/users\/1"}],"replies":[{"embeddable":true,"href":"https:\/\/myzonehotels.com\/fr\/wp-json\/wp\/v2\/comments?post=627"}],"version-history":[{"count":9,"href":"https:\/\/myzonehotels.com\/fr\/wp-json\/wp\/v2\/pages\/627\/revisions"}],"predecessor-version":[{"id":1440,"href":"https:\/\/myzonehotels.com\/fr\/wp-json\/wp\/v2\/pages\/627\/revisions\/1440"}],"wp:attachment":[{"href":"https:\/\/myzonehotels.com\/fr\/wp-json\/wp\/v2\/media?parent=627"}],"curies":[{"name":"wp","href":"https:\/\/api.w.org\/{rel}","templated":true}]}}