{"id":190,"date":"2021-12-07T02:00:31","date_gmt":"2021-12-07T02:00:31","guid":{"rendered":"http:\/\/myzonehotels.com\/fr\/?page_id=190"},"modified":"2025-08-24T11:41:52","modified_gmt":"2025-08-24T16:41:52","slug":"design","status":"publish","type":"page","link":"https:\/\/myzonehotels.com\/fr\/design\/","title":{"rendered":"Design"},"content":{"rendered":"\n<p align=\"right\">\n<a href=\"https:\/\/myzonehotels.com\/\" title=\"EN \/\">EN \/<\/a><a href=\"https:\/\/myzonehotels.com\/fr\/design\/\" title=\" FR\" class=\"current_language\"> FR<\/a>\n<\/p>\n\n\n<div class=\"wp-block-kadence-posts kb-posts kb-posts-id-_011322-e0 content-wrap grid-cols kb-posts-style-boxed grid-sm-col-2 grid-lg-col-3 item-image-style-above\"><article class=\"entry content-bg loop-entry post-1334 post type-post status-publish format-standard has-post-thumbnail hentry category-design tag-ac tag-design tag-hotel-2 tag-marriott tag-montreal-2\">\n\t\t\t<a class=\"post-thumbnail kadence-thumbnail-ratio-1-1\" href=\"https:\/\/myzonehotels.com\/fr\/design\/revue-de-design-ac-hotel-montreal-centre-ville\/\">\n\t\t\t<div class=\"post-thumbnail-inner\">\n\t\t\t\t<img width=\"768\" height=\"432\" src=\"https:\/\/myzonehotels.com\/fr\/wp-content\/uploads\/sites\/4\/2025\/09\/IMG_20220906_1345387xx-768x432.jpg\" class=\"attachment-medium_large size-medium_large wp-post-image\" alt=\"AC Hotel Montr\u00e9al Centre-ville\" loading=\"lazy\" srcset=\"https:\/\/myzonehotels.com\/fr\/wp-content\/uploads\/sites\/4\/2025\/09\/IMG_20220906_1345387xx-768x432.jpg 768w, https:\/\/myzonehotels.com\/fr\/wp-content\/uploads\/sites\/4\/2025\/09\/IMG_20220906_1345387xx-300x169.jpg 300w, https:\/\/myzonehotels.com\/fr\/wp-content\/uploads\/sites\/4\/2025\/09\/IMG_20220906_1345387xx-1024x576.jpg 1024w, https:\/\/myzonehotels.com\/fr\/wp-content\/uploads\/sites\/4\/2025\/09\/IMG_20220906_1345387xx.jpg 1280w\" sizes=\"(max-width: 768px) 100vw, 768px\" \/>\t\t\t<\/div>\n\t\t<\/a><!-- .post-thumbnail -->\n\t\t\t<div class=\"entry-content-wrap\">\n\t\t<header class=\"entry-header\">\n\t<h3 class=\"entry-title\"><a href=\"https:\/\/myzonehotels.com\/fr\/design\/revue-de-design-ac-hotel-montreal-centre-ville\/\" rel=\"bookmark\">Revue de design : AC Hotel Montreal Centre-ville<\/a><\/h3>\t<div class=\"entry-meta entry-meta-divider-dot\">\n\t\t<\/div><!-- .entry-meta -->\n\t<\/header><!-- .entry-header -->\n\t<div class=\"entry-summary\">\n\t\t<p>D\u00e9couvrez le design distinctif du AC Montr\u00e9al Centre-ville<\/p>\n\t<\/div><!-- .entry-summary -->\n\t<footer class=\"entry-footer\">\n\t\t\t<div class=\"entry-actions\">\n\t\t\t<p class=\"more-link-wrap\">\n\t\t\t\t<a href=\"https:\/\/myzonehotels.com\/fr\/design\/revue-de-design-ac-hotel-montreal-centre-ville\/\" class=\"post-more-link\">\n\t\t\t\t\tCONTINUER \u00c0 LIRE<span class=\"screen-reader-text\"> Revue de design : AC Hotel Montreal Centre-ville<\/span><span class=\"kadence-svg-iconset svg-baseline\"><svg aria-hidden=\"true\" class=\"kadence-svg-icon kadence-arrow-right-alt-svg\" fill=\"currentColor\" version=\"1.1\" xmlns=\"http:\/\/www.w3.org\/2000\/svg\" width=\"27\" height=\"28\" viewBox=\"0 0 27 28\"><title>Continue<\/title><path d=\"M27 13.953c0 0.141-0.063 0.281-0.156 0.375l-6 5.531c-0.156 0.141-0.359 0.172-0.547 0.094-0.172-0.078-0.297-0.25-0.297-0.453v-3.5h-19.5c-0.281 0-0.5-0.219-0.5-0.5v-3c0-0.281 0.219-0.5 0.5-0.5h19.5v-3.5c0-0.203 0.109-0.375 0.297-0.453s0.391-0.047 0.547 0.078l6 5.469c0.094 0.094 0.156 0.219 0.156 0.359v0z\"><\/path>\n\t\t\t<\/svg><\/span>\t\t\t\t<\/a>\n\t\t\t<\/p>\n\t\t<\/div><!-- .entry-actions -->\n\t\t<\/footer><!-- .entry-footer -->\t<\/div>\n<\/article>\n<article class=\"entry content-bg loop-entry post-1198 post type-post status-publish format-standard has-post-thumbnail hentry category-design tag-aloft tag-boston tag-etats-unis tag-hotel-2\">\n\t\t\t<a class=\"post-thumbnail kadence-thumbnail-ratio-1-1\" href=\"https:\/\/myzonehotels.com\/fr\/design\/carres-de-couleur-au-aloft-boston-seaport-district\/\">\n\t\t\t<div class=\"post-thumbnail-inner\">\n\t\t\t\t<img width=\"768\" height=\"432\" src=\"https:\/\/myzonehotels.com\/fr\/wp-content\/uploads\/sites\/4\/2025\/01\/Featured_IMG_20220312_1209566x-768x432.jpg\" class=\"attachment-medium_large size-medium_large wp-post-image\" alt=\"Aloft Boston Seaport District\" loading=\"lazy\" srcset=\"https:\/\/myzonehotels.com\/fr\/wp-content\/uploads\/sites\/4\/2025\/01\/Featured_IMG_20220312_1209566x-768x432.jpg 768w, https:\/\/myzonehotels.com\/fr\/wp-content\/uploads\/sites\/4\/2025\/01\/Featured_IMG_20220312_1209566x-300x169.jpg 300w, https:\/\/myzonehotels.com\/fr\/wp-content\/uploads\/sites\/4\/2025\/01\/Featured_IMG_20220312_1209566x-1024x576.jpg 1024w, https:\/\/myzonehotels.com\/fr\/wp-content\/uploads\/sites\/4\/2025\/01\/Featured_IMG_20220312_1209566x.jpg 1280w\" sizes=\"(max-width: 768px) 100vw, 768px\" \/>\t\t\t<\/div>\n\t\t<\/a><!-- .post-thumbnail -->\n\t\t\t<div class=\"entry-content-wrap\">\n\t\t<header class=\"entry-header\">\n\t<h3 class=\"entry-title\"><a href=\"https:\/\/myzonehotels.com\/fr\/design\/carres-de-couleur-au-aloft-boston-seaport-district\/\" rel=\"bookmark\">Carr\u00e9s de couleur au Aloft Boston Seaport District<\/a><\/h3>\t<div class=\"entry-meta entry-meta-divider-dot\">\n\t\t<\/div><!-- .entry-meta -->\n\t<\/header><!-- .entry-header -->\n\t<div class=\"entry-summary\">\n\t\t<p>D\u00e9couvrez comment Aloft applique son design de marque dans ses \u00e9tablissements<\/p>\n\t<\/div><!-- .entry-summary -->\n\t<footer class=\"entry-footer\">\n\t\t\t<div class=\"entry-actions\">\n\t\t\t<p class=\"more-link-wrap\">\n\t\t\t\t<a href=\"https:\/\/myzonehotels.com\/fr\/design\/carres-de-couleur-au-aloft-boston-seaport-district\/\" class=\"post-more-link\">\n\t\t\t\t\tCONTINUER \u00c0 LIRE<span class=\"screen-reader-text\"> Carr\u00e9s de couleur au Aloft Boston Seaport District<\/span><span class=\"kadence-svg-iconset svg-baseline\"><svg aria-hidden=\"true\" class=\"kadence-svg-icon kadence-arrow-right-alt-svg\" fill=\"currentColor\" version=\"1.1\" xmlns=\"http:\/\/www.w3.org\/2000\/svg\" width=\"27\" height=\"28\" viewBox=\"0 0 27 28\"><title>Continue<\/title><path d=\"M27 13.953c0 0.141-0.063 0.281-0.156 0.375l-6 5.531c-0.156 0.141-0.359 0.172-0.547 0.094-0.172-0.078-0.297-0.25-0.297-0.453v-3.5h-19.5c-0.281 0-0.5-0.219-0.5-0.5v-3c0-0.281 0.219-0.5 0.5-0.5h19.5v-3.5c0-0.203 0.109-0.375 0.297-0.453s0.391-0.047 0.547 0.078l6 5.469c0.094 0.094 0.156 0.219 0.156 0.359v0z\"><\/path>\n\t\t\t<\/svg><\/span>\t\t\t\t<\/a>\n\t\t\t<\/p>\n\t\t<\/div><!-- .entry-actions -->\n\t\t<\/footer><!-- .entry-footer -->\t<\/div>\n<\/article>\n<article class=\"entry content-bg loop-entry post-1049 post type-post status-publish format-standard has-post-thumbnail hentry category-design tag-brooklyn-ac-led-task-light tag-design tag-hotel-2 tag-lampe\">\n\t\t\t<a class=\"post-thumbnail kadence-thumbnail-ratio-1-1\" href=\"https:\/\/myzonehotels.com\/fr\/design\/lampe-de-bureau-au-holiday-inn-express-moncton\/\">\n\t\t\t<div class=\"post-thumbnail-inner\">\n\t\t\t\t<img width=\"768\" height=\"768\" src=\"https:\/\/myzonehotels.com\/fr\/wp-content\/uploads\/sites\/4\/2024\/05\/IMG_20220323_1639479x-768x768.jpg\" class=\"attachment-medium_large size-medium_large wp-post-image\" alt=\"Brooklyn LED Task Light\" loading=\"lazy\" srcset=\"https:\/\/myzonehotels.com\/fr\/wp-content\/uploads\/sites\/4\/2024\/05\/IMG_20220323_1639479x-768x768.jpg 768w, https:\/\/myzonehotels.com\/fr\/wp-content\/uploads\/sites\/4\/2024\/05\/IMG_20220323_1639479x-300x300.jpg 300w, https:\/\/myzonehotels.com\/fr\/wp-content\/uploads\/sites\/4\/2024\/05\/IMG_20220323_1639479x-1024x1024.jpg 1024w, https:\/\/myzonehotels.com\/fr\/wp-content\/uploads\/sites\/4\/2024\/05\/IMG_20220323_1639479x-150x150.jpg 150w, https:\/\/myzonehotels.com\/fr\/wp-content\/uploads\/sites\/4\/2024\/05\/IMG_20220323_1639479x.jpg 1080w\" sizes=\"(max-width: 768px) 100vw, 768px\" \/>\t\t\t<\/div>\n\t\t<\/a><!-- .post-thumbnail -->\n\t\t\t<div class=\"entry-content-wrap\">\n\t\t<header class=\"entry-header\">\n\t<h3 class=\"entry-title\"><a href=\"https:\/\/myzonehotels.com\/fr\/design\/lampe-de-bureau-au-holiday-inn-express-moncton\/\" rel=\"bookmark\">Lampe de bureau au Holiday Inn Express Moncton<\/a><\/h3>\t<div class=\"entry-meta entry-meta-divider-dot\">\n\t\t<\/div><!-- .entry-meta -->\n\t<\/header><!-- .entry-header -->\n\t<div class=\"entry-summary\">\n\t\t<p>J&rsquo;ai d\u00e9couvert une lampe de Clive Goodwin dans cet h\u00f4tel.<\/p>\n\t<\/div><!-- .entry-summary -->\n\t<footer class=\"entry-footer\">\n\t\t\t<div class=\"entry-actions\">\n\t\t\t<p class=\"more-link-wrap\">\n\t\t\t\t<a href=\"https:\/\/myzonehotels.com\/fr\/design\/lampe-de-bureau-au-holiday-inn-express-moncton\/\" class=\"post-more-link\">\n\t\t\t\t\tCONTINUER \u00c0 LIRE<span class=\"screen-reader-text\"> Lampe de bureau au Holiday Inn Express Moncton<\/span><span class=\"kadence-svg-iconset svg-baseline\"><svg aria-hidden=\"true\" class=\"kadence-svg-icon kadence-arrow-right-alt-svg\" fill=\"currentColor\" version=\"1.1\" xmlns=\"http:\/\/www.w3.org\/2000\/svg\" width=\"27\" height=\"28\" viewBox=\"0 0 27 28\"><title>Continue<\/title><path d=\"M27 13.953c0 0.141-0.063 0.281-0.156 0.375l-6 5.531c-0.156 0.141-0.359 0.172-0.547 0.094-0.172-0.078-0.297-0.25-0.297-0.453v-3.5h-19.5c-0.281 0-0.5-0.219-0.5-0.5v-3c0-0.281 0.219-0.5 0.5-0.5h19.5v-3.5c0-0.203 0.109-0.375 0.297-0.453s0.391-0.047 0.547 0.078l6 5.469c0.094 0.094 0.156 0.219 0.156 0.359v0z\"><\/path>\n\t\t\t<\/svg><\/span>\t\t\t\t<\/a>\n\t\t\t<\/p>\n\t\t<\/div><!-- .entry-actions -->\n\t\t<\/footer><!-- .entry-footer -->\t<\/div>\n<\/article>\n<article class=\"entry content-bg loop-entry post-875 post type-post status-publish format-standard has-post-thumbnail hentry category-design tag-ameublement tag-barcelone tag-chaise tag-design tag-hotel-2 tag-mies-van-der-rohe\">\n\t\t\t<a class=\"post-thumbnail kadence-thumbnail-ratio-1-1\" href=\"https:\/\/myzonehotels.com\/fr\/design\/chaise-barcelone-au-clarion-pointe-aeroport-quebec\/\">\n\t\t\t<div class=\"post-thumbnail-inner\">\n\t\t\t\t<img width=\"768\" height=\"768\" src=\"https:\/\/myzonehotels.com\/fr\/wp-content\/uploads\/sites\/4\/2023\/11\/IMG_20220322_2147439x-768x768.jpg\" class=\"attachment-medium_large size-medium_large wp-post-image\" alt=\"Chaise Barcelone\" loading=\"lazy\" srcset=\"https:\/\/myzonehotels.com\/fr\/wp-content\/uploads\/sites\/4\/2023\/11\/IMG_20220322_2147439x-768x768.jpg 768w, https:\/\/myzonehotels.com\/fr\/wp-content\/uploads\/sites\/4\/2023\/11\/IMG_20220322_2147439x-300x300.jpg 300w, https:\/\/myzonehotels.com\/fr\/wp-content\/uploads\/sites\/4\/2023\/11\/IMG_20220322_2147439x-1024x1024.jpg 1024w, https:\/\/myzonehotels.com\/fr\/wp-content\/uploads\/sites\/4\/2023\/11\/IMG_20220322_2147439x-150x150.jpg 150w, https:\/\/myzonehotels.com\/fr\/wp-content\/uploads\/sites\/4\/2023\/11\/IMG_20220322_2147439x.jpg 1080w\" sizes=\"(max-width: 768px) 100vw, 768px\" \/>\t\t\t<\/div>\n\t\t<\/a><!-- .post-thumbnail -->\n\t\t\t<div class=\"entry-content-wrap\">\n\t\t<header class=\"entry-header\">\n\t<h3 class=\"entry-title\"><a href=\"https:\/\/myzonehotels.com\/fr\/design\/chaise-barcelone-au-clarion-pointe-aeroport-quebec\/\" rel=\"bookmark\">Chaise Barcelone au Clarion Pointe A\u00e9roport Qu\u00e9bec<\/a><\/h3>\t<div class=\"entry-meta entry-meta-divider-dot\">\n\t\t<\/div><!-- .entry-meta -->\n\t<\/header><!-- .entry-header -->\n\t<div class=\"entry-summary\">\n\t\t<p>J&rsquo;ai trouv\u00e9 une chaise Barcelone de Mis van der Rohe dans cet h\u00f4tel d&rsquo;a\u00e9roport<\/p>\n\t<\/div><!-- .entry-summary -->\n\t<footer class=\"entry-footer\">\n\t\t\t<div class=\"entry-actions\">\n\t\t\t<p class=\"more-link-wrap\">\n\t\t\t\t<a href=\"https:\/\/myzonehotels.com\/fr\/design\/chaise-barcelone-au-clarion-pointe-aeroport-quebec\/\" class=\"post-more-link\">\n\t\t\t\t\tCONTINUER \u00c0 LIRE<span class=\"screen-reader-text\"> Chaise Barcelone au Clarion Pointe A\u00e9roport Qu\u00e9bec<\/span><span class=\"kadence-svg-iconset svg-baseline\"><svg aria-hidden=\"true\" class=\"kadence-svg-icon kadence-arrow-right-alt-svg\" fill=\"currentColor\" version=\"1.1\" xmlns=\"http:\/\/www.w3.org\/2000\/svg\" width=\"27\" height=\"28\" viewBox=\"0 0 27 28\"><title>Continue<\/title><path d=\"M27 13.953c0 0.141-0.063 0.281-0.156 0.375l-6 5.531c-0.156 0.141-0.359 0.172-0.547 0.094-0.172-0.078-0.297-0.25-0.297-0.453v-3.5h-19.5c-0.281 0-0.5-0.219-0.5-0.5v-3c0-0.281 0.219-0.5 0.5-0.5h19.5v-3.5c0-0.203 0.109-0.375 0.297-0.453s0.391-0.047 0.547 0.078l6 5.469c0.094 0.094 0.156 0.219 0.156 0.359v0z\"><\/path>\n\t\t\t<\/svg><\/span>\t\t\t\t<\/a>\n\t\t\t<\/p>\n\t\t<\/div><!-- .entry-actions -->\n\t\t<\/footer><!-- .entry-footer -->\t<\/div>\n<\/article>\n<article class=\"entry content-bg loop-entry post-568 post type-post status-publish format-standard has-post-thumbnail hentry category-design tag-canada tag-design tag-fiam tag-hotel-2 tag-le-navigateur tag-meuble tag-quebec-2 tag-rimouski tag-table tag-table-dappoint tag-verre tag-vittorio-livi\">\n\t\t\t<a class=\"post-thumbnail kadence-thumbnail-ratio-1-1\" href=\"https:\/\/myzonehotels.com\/fr\/design\/table-dappoint-a-lhotel-navigateur\/\">\n\t\t\t<div class=\"post-thumbnail-inner\">\n\t\t\t\t<img width=\"768\" height=\"768\" src=\"https:\/\/myzonehotels.com\/fr\/wp-content\/uploads\/sites\/4\/2021\/12\/IMG_20211228_2053271xx-1-768x768.jpg\" class=\"attachment-medium_large size-medium_large wp-post-image\" alt=\"Hotel Le Navigateur\" loading=\"lazy\" srcset=\"https:\/\/myzonehotels.com\/fr\/wp-content\/uploads\/sites\/4\/2021\/12\/IMG_20211228_2053271xx-1-768x768.jpg 768w, https:\/\/myzonehotels.com\/fr\/wp-content\/uploads\/sites\/4\/2021\/12\/IMG_20211228_2053271xx-1-300x300.jpg 300w, https:\/\/myzonehotels.com\/fr\/wp-content\/uploads\/sites\/4\/2021\/12\/IMG_20211228_2053271xx-1-1024x1024.jpg 1024w, https:\/\/myzonehotels.com\/fr\/wp-content\/uploads\/sites\/4\/2021\/12\/IMG_20211228_2053271xx-1-150x150.jpg 150w, https:\/\/myzonehotels.com\/fr\/wp-content\/uploads\/sites\/4\/2021\/12\/IMG_20211228_2053271xx-1.jpg 1080w\" sizes=\"(max-width: 768px) 100vw, 768px\" \/>\t\t\t<\/div>\n\t\t<\/a><!-- .post-thumbnail -->\n\t\t\t<div class=\"entry-content-wrap\">\n\t\t<header class=\"entry-header\">\n\t<h3 class=\"entry-title\"><a href=\"https:\/\/myzonehotels.com\/fr\/design\/table-dappoint-a-lhotel-navigateur\/\" rel=\"bookmark\">Table d&rsquo;appoint \u00e0 l&rsquo;H\u00f4tel Navigateur<\/a><\/h3>\t<div class=\"entry-meta entry-meta-divider-dot\">\n\t\t<\/div><!-- .entry-meta -->\n\t<\/header><!-- .entry-header -->\n\t<div class=\"entry-summary\">\n\t\t<p>J&rsquo;ai d\u00e9couvert cette table inspir\u00e9e de Vittorio Livi dans cet h\u00f4tel de r\u00e9gion<\/p>\n\t<\/div><!-- .entry-summary -->\n\t<footer class=\"entry-footer\">\n\t\t\t<div class=\"entry-actions\">\n\t\t\t<p class=\"more-link-wrap\">\n\t\t\t\t<a href=\"https:\/\/myzonehotels.com\/fr\/design\/table-dappoint-a-lhotel-navigateur\/\" class=\"post-more-link\">\n\t\t\t\t\tCONTINUER \u00c0 LIRE<span class=\"screen-reader-text\"> Table d&rsquo;appoint \u00e0 l&rsquo;H\u00f4tel Navigateur<\/span><span class=\"kadence-svg-iconset svg-baseline\"><svg aria-hidden=\"true\" class=\"kadence-svg-icon kadence-arrow-right-alt-svg\" fill=\"currentColor\" version=\"1.1\" xmlns=\"http:\/\/www.w3.org\/2000\/svg\" width=\"27\" height=\"28\" viewBox=\"0 0 27 28\"><title>Continue<\/title><path d=\"M27 13.953c0 0.141-0.063 0.281-0.156 0.375l-6 5.531c-0.156 0.141-0.359 0.172-0.547 0.094-0.172-0.078-0.297-0.25-0.297-0.453v-3.5h-19.5c-0.281 0-0.5-0.219-0.5-0.5v-3c0-0.281 0.219-0.5 0.5-0.5h19.5v-3.5c0-0.203 0.109-0.375 0.297-0.453s0.391-0.047 0.547 0.078l6 5.469c0.094 0.094 0.156 0.219 0.156 0.359v0z\"><\/path>\n\t\t\t<\/svg><\/span>\t\t\t\t<\/a>\n\t\t\t<\/p>\n\t\t<\/div><!-- .entry-actions -->\n\t\t<\/footer><!-- .entry-footer -->\t<\/div>\n<\/article>\n<article class=\"entry content-bg loop-entry post-514 post type-post status-publish format-standard has-post-thumbnail hentry category-design tag-canada tag-console tag-delta tag-design tag-hotel-2 tag-lampe tag-marriott tag-meuble tag-table tag-terre-neuve\">\n\t\t\t<a class=\"post-thumbnail kadence-thumbnail-ratio-1-1\" href=\"https:\/\/myzonehotels.com\/fr\/design\/design-notable-au-delta-st-johns\/\">\n\t\t\t<div class=\"post-thumbnail-inner\">\n\t\t\t\t<img width=\"768\" height=\"768\" src=\"https:\/\/myzonehotels.com\/fr\/wp-content\/uploads\/sites\/4\/2023\/04\/IMG_20211118_1707216x-768x768.jpg\" class=\"attachment-medium_large size-medium_large wp-post-image\" alt=\"Hotel Delta St.John&#039;s\" loading=\"lazy\" srcset=\"https:\/\/myzonehotels.com\/fr\/wp-content\/uploads\/sites\/4\/2023\/04\/IMG_20211118_1707216x-768x768.jpg 768w, https:\/\/myzonehotels.com\/fr\/wp-content\/uploads\/sites\/4\/2023\/04\/IMG_20211118_1707216x-300x300.jpg 300w, https:\/\/myzonehotels.com\/fr\/wp-content\/uploads\/sites\/4\/2023\/04\/IMG_20211118_1707216x-1024x1024.jpg 1024w, https:\/\/myzonehotels.com\/fr\/wp-content\/uploads\/sites\/4\/2023\/04\/IMG_20211118_1707216x-150x150.jpg 150w, https:\/\/myzonehotels.com\/fr\/wp-content\/uploads\/sites\/4\/2023\/04\/IMG_20211118_1707216x.jpg 1080w\" sizes=\"(max-width: 768px) 100vw, 768px\" \/>\t\t\t<\/div>\n\t\t<\/a><!-- .post-thumbnail -->\n\t\t\t<div class=\"entry-content-wrap\">\n\t\t<header class=\"entry-header\">\n\t<h3 class=\"entry-title\"><a href=\"https:\/\/myzonehotels.com\/fr\/design\/design-notable-au-delta-st-johns\/\" rel=\"bookmark\">Revue de design : H\u00f4tel Delta St.John&rsquo;s<\/a><\/h3>\t<div class=\"entry-meta entry-meta-divider-dot\">\n\t\t<\/div><!-- .entry-meta -->\n\t<\/header><!-- .entry-header -->\n\t<div class=\"entry-summary\">\n\t\t<p>Des pi\u00e8ces d&rsquo;ameublement distinctives d\u00e9couvertes dans cet h\u00f4tel des Maritimes<\/p>\n\t<\/div><!-- .entry-summary -->\n\t<footer class=\"entry-footer\">\n\t\t\t<div class=\"entry-actions\">\n\t\t\t<p class=\"more-link-wrap\">\n\t\t\t\t<a href=\"https:\/\/myzonehotels.com\/fr\/design\/design-notable-au-delta-st-johns\/\" class=\"post-more-link\">\n\t\t\t\t\tCONTINUER \u00c0 LIRE<span class=\"screen-reader-text\"> Revue de design : H\u00f4tel Delta St.John&rsquo;s<\/span><span class=\"kadence-svg-iconset svg-baseline\"><svg aria-hidden=\"true\" class=\"kadence-svg-icon kadence-arrow-right-alt-svg\" fill=\"currentColor\" version=\"1.1\" xmlns=\"http:\/\/www.w3.org\/2000\/svg\" width=\"27\" height=\"28\" viewBox=\"0 0 27 28\"><title>Continue<\/title><path d=\"M27 13.953c0 0.141-0.063 0.281-0.156 0.375l-6 5.531c-0.156 0.141-0.359 0.172-0.547 0.094-0.172-0.078-0.297-0.25-0.297-0.453v-3.5h-19.5c-0.281 0-0.5-0.219-0.5-0.5v-3c0-0.281 0.219-0.5 0.5-0.5h19.5v-3.5c0-0.203 0.109-0.375 0.297-0.453s0.391-0.047 0.547 0.078l6 5.469c0.094 0.094 0.156 0.219 0.156 0.359v0z\"><\/path>\n\t\t\t<\/svg><\/span>\t\t\t\t<\/a>\n\t\t\t<\/p>\n\t\t<\/div><!-- .entry-actions -->\n\t\t<\/footer><!-- .entry-footer -->\t<\/div>\n<\/article>\n<article class=\"entry content-bg loop-entry post-302 post type-post status-publish format-standard has-post-thumbnail hentry category-design tag-canada tag-design tag-meridien-2 tag-montreal-2 tag-quebec-2\">\n\t\t\t<a class=\"post-thumbnail kadence-thumbnail-ratio-1-1\" href=\"https:\/\/myzonehotels.com\/fr\/design\/design-meridien-versailles\/\">\n\t\t\t<div class=\"post-thumbnail-inner\">\n\t\t\t\t<img width=\"534\" height=\"701\" src=\"https:\/\/myzonehotels.com\/fr\/wp-content\/uploads\/sites\/4\/2022\/04\/Meridien01.jpg\" class=\"attachment-medium_large size-medium_large wp-post-image\" alt=\"M\u00e9dien Montr\u00e9al Design\" loading=\"lazy\" srcset=\"https:\/\/myzonehotels.com\/fr\/wp-content\/uploads\/sites\/4\/2022\/04\/Meridien01.jpg 534w, https:\/\/myzonehotels.com\/fr\/wp-content\/uploads\/sites\/4\/2022\/04\/Meridien01-229x300.jpg 229w\" sizes=\"(max-width: 534px) 100vw, 534px\" \/>\t\t\t<\/div>\n\t\t<\/a><!-- .post-thumbnail -->\n\t\t\t<div class=\"entry-content-wrap\">\n\t\t<header class=\"entry-header\">\n\t<h3 class=\"entry-title\"><a href=\"https:\/\/myzonehotels.com\/fr\/design\/design-meridien-versailles\/\" rel=\"bookmark\">Ameublement moderne au M\u00e9ridien Versailles<\/a><\/h3>\t<div class=\"entry-meta entry-meta-divider-dot\">\n\t\t<\/div><!-- .entry-meta -->\n\t<\/header><!-- .entry-header -->\n\t<div class=\"entry-summary\">\n\t\t<p>Exemples int\u00e9ressants de design d\u00e9couverts dans cet h\u00f4tel du centre ville de Montr\u00e9al<\/p>\n\t<\/div><!-- .entry-summary -->\n\t<footer class=\"entry-footer\">\n\t\t\t<div class=\"entry-actions\">\n\t\t\t<p class=\"more-link-wrap\">\n\t\t\t\t<a href=\"https:\/\/myzonehotels.com\/fr\/design\/design-meridien-versailles\/\" class=\"post-more-link\">\n\t\t\t\t\tCONTINUER \u00c0 LIRE<span class=\"screen-reader-text\"> Ameublement moderne au M\u00e9ridien Versailles<\/span><span class=\"kadence-svg-iconset svg-baseline\"><svg aria-hidden=\"true\" class=\"kadence-svg-icon kadence-arrow-right-alt-svg\" fill=\"currentColor\" version=\"1.1\" xmlns=\"http:\/\/www.w3.org\/2000\/svg\" width=\"27\" height=\"28\" viewBox=\"0 0 27 28\"><title>Continue<\/title><path d=\"M27 13.953c0 0.141-0.063 0.281-0.156 0.375l-6 5.531c-0.156 0.141-0.359 0.172-0.547 0.094-0.172-0.078-0.297-0.25-0.297-0.453v-3.5h-19.5c-0.281 0-0.5-0.219-0.5-0.5v-3c0-0.281 0.219-0.5 0.5-0.5h19.5v-3.5c0-0.203 0.109-0.375 0.297-0.453s0.391-0.047 0.547 0.078l6 5.469c0.094 0.094 0.156 0.219 0.156 0.359v0z\"><\/path>\n\t\t\t<\/svg><\/span>\t\t\t\t<\/a>\n\t\t\t<\/p>\n\t\t<\/div><!-- .entry-actions -->\n\t\t<\/footer><!-- .entry-footer -->\t<\/div>\n<\/article>\n<article class=\"entry content-bg loop-entry post-179 post type-post status-publish format-standard has-post-thumbnail hentry category-design tag-aloft tag-canada tag-design tag-marriott tag-montreal-2 tag-quebec-2\">\n\t\t\t<a class=\"post-thumbnail kadence-thumbnail-ratio-1-1\" href=\"https:\/\/myzonehotels.com\/fr\/design\/design-aloft-montreal-aeroport\/\">\n\t\t\t<div class=\"post-thumbnail-inner\">\n\t\t\t\t<img width=\"521\" height=\"800\" src=\"https:\/\/myzonehotels.com\/fr\/wp-content\/uploads\/sites\/4\/2021\/11\/ALoft_Chambre.jpg\" class=\"attachment-medium_large size-medium_large wp-post-image\" alt=\"ALoft Montreal Airport\" loading=\"lazy\" srcset=\"https:\/\/myzonehotels.com\/fr\/wp-content\/uploads\/sites\/4\/2021\/11\/ALoft_Chambre.jpg 521w, https:\/\/myzonehotels.com\/fr\/wp-content\/uploads\/sites\/4\/2021\/11\/ALoft_Chambre-195x300.jpg 195w\" sizes=\"(max-width: 521px) 100vw, 521px\" \/>\t\t\t<\/div>\n\t\t<\/a><!-- .post-thumbnail -->\n\t\t\t<div class=\"entry-content-wrap\">\n\t\t<header class=\"entry-header\">\n\t<h3 class=\"entry-title\"><a href=\"https:\/\/myzonehotels.com\/fr\/design\/design-aloft-montreal-aeroport\/\" rel=\"bookmark\">Chambre fonctionnelle au Aloft Montr\u00e9al A\u00e9roport<\/a><\/h3>\t<div class=\"entry-meta entry-meta-divider-dot\">\n\t\t<\/div><!-- .entry-meta -->\n\t<\/header><!-- .entry-header -->\n\t<div class=\"entry-summary\">\n\t\t<p>D\u00e9couvrez la fonctionalit\u00e9 de cette chambre d&rsquo;h\u00f4tel<\/p>\n\t<\/div><!-- .entry-summary -->\n\t<footer class=\"entry-footer\">\n\t\t\t<div class=\"entry-actions\">\n\t\t\t<p class=\"more-link-wrap\">\n\t\t\t\t<a href=\"https:\/\/myzonehotels.com\/fr\/design\/design-aloft-montreal-aeroport\/\" class=\"post-more-link\">\n\t\t\t\t\tCONTINUER \u00c0 LIRE<span class=\"screen-reader-text\"> Chambre fonctionnelle au Aloft Montr\u00e9al A\u00e9roport<\/span><span class=\"kadence-svg-iconset svg-baseline\"><svg aria-hidden=\"true\" class=\"kadence-svg-icon kadence-arrow-right-alt-svg\" fill=\"currentColor\" version=\"1.1\" xmlns=\"http:\/\/www.w3.org\/2000\/svg\" width=\"27\" height=\"28\" viewBox=\"0 0 27 28\"><title>Continue<\/title><path d=\"M27 13.953c0 0.141-0.063 0.281-0.156 0.375l-6 5.531c-0.156 0.141-0.359 0.172-0.547 0.094-0.172-0.078-0.297-0.25-0.297-0.453v-3.5h-19.5c-0.281 0-0.5-0.219-0.5-0.5v-3c0-0.281 0.219-0.5 0.5-0.5h19.5v-3.5c0-0.203 0.109-0.375 0.297-0.453s0.391-0.047 0.547 0.078l6 5.469c0.094 0.094 0.156 0.219 0.156 0.359v0z\"><\/path>\n\t\t\t<\/svg><\/span>\t\t\t\t<\/a>\n\t\t\t<\/p>\n\t\t<\/div><!-- .entry-actions -->\n\t\t<\/footer><!-- .entry-footer -->\t<\/div>\n<\/article>\n<\/div>","protected":false},"excerpt":{"rendered":"","protected":false},"author":1,"featured_media":0,"parent":0,"menu_order":0,"comment_status":"closed","ping_status":"closed","template":"","meta":{"colormag_page_container_layout":"no_sidebar_full_width","colormag_page_sidebar_layout":"no_sidebar"},"_links":{"self":[{"href":"https:\/\/myzonehotels.com\/fr\/wp-json\/wp\/v2\/pages\/190"}],"collection":[{"href":"https:\/\/myzonehotels.com\/fr\/wp-json\/wp\/v2\/pages"}],"about":[{"href":"https:\/\/myzonehotels.com\/fr\/wp-json\/wp\/v2\/types\/page"}],"author":[{"embeddable":true,"href":"https:\/\/myzonehotels.com\/fr\/wp-json\/wp\/v2\/users\/1"}],"replies":[{"embeddable":true,"href":"https:\/\/myzonehotels.com\/fr\/wp-json\/wp\/v2\/comments?post=190"}],"version-history":[{"count":3,"href":"https:\/\/myzonehotels.com\/fr\/wp-json\/wp\/v2\/pages\/190\/revisions"}],"predecessor-version":[{"id":1272,"href":"https:\/\/myzonehotels.com\/fr\/wp-json\/wp\/v2\/pages\/190\/revisions\/1272"}],"wp:attachment":[{"href":"https:\/\/myzonehotels.com\/fr\/wp-json\/wp\/v2\/media?parent=190"}],"curies":[{"name":"wp","href":"https:\/\/api.w.org\/{rel}","templated":true}]}}