{"id":1218,"date":"2025-01-23T16:42:00","date_gmt":"2025-01-23T21:42:00","guid":{"rendered":"https:\/\/myzonehotels.com\/fr\/?page_id=1218"},"modified":"2025-01-23T16:42:00","modified_gmt":"2025-01-23T21:42:00","slug":"politique-de-confidentialite","status":"publish","type":"page","link":"https:\/\/myzonehotels.com\/fr\/politique-de-confidentialite\/","title":{"rendered":"Politique de confidentialit\u00e9"},"content":{"rendered":"\n<p>Derni\u00e8re mise \u00e0 jour : 2025-01-23<\/p>\n\n\n\n<p><br>Nous respectons la confidentialit\u00e9 de nos visiteurs. Cette politique de confidentialit\u00e9 explique comment nous utilisons les informations g\u00e9n\u00e9r\u00e9es automatiquement lorsque vous naviguez sur notre site, ainsi que notre utilisation des services tiers, tels que Google AdSense.<\/p>\n\n\n\n<br>\n\n\n\n<p><strong>Informations collect\u00e9es automatiquement<\/strong><\/p>\n\n\n\n<p>Nous ne collectons pas activement d&rsquo;informations personnelles sur nos visiteurs. Cependant, certaines donn\u00e9es non personnelles peuvent \u00eatre collect\u00e9es automatiquement par des services tiers que nous utilisons, notamment :<\/p>\n\n\n\n<ul><li>Votre adresse IP.<\/li><li>Le type de navigateur et les param\u00e8tres de langue.<\/li><li>Les pages visit\u00e9es et la dur\u00e9e de navigation.<\/li><\/ul>\n\n\n\n<p><br>Ces informations sont collect\u00e9es de mani\u00e8re anonyme et ne permettent pas de vous identifier personnellement.<\/p>\n\n\n\n<br>\n\n\n\n<p><strong>Utilisation des cookies<\/strong><br>Notre site utilise des cookies pour am\u00e9liorer votre exp\u00e9rience utilisateur et pour afficher des publicit\u00e9s personnalis\u00e9es via Google AdSense.<\/p>\n\n\n\n<p>Google AdSense : Google peut utiliser des cookies pour diffuser des annonces bas\u00e9es sur vos visites pr\u00e9c\u00e9dentes sur notre site ou d&rsquo;autres sites Web.<br>Vous pouvez d\u00e9sactiver la personnalisation des annonces en consultant la page Param\u00e8tres des annonces Google.<br>Si vous pr\u00e9f\u00e9rez, vous pouvez d\u00e9sactiver les cookies en modifiant les param\u00e8tres de votre navigateur.<\/p>\n\n\n\n<br>\n\n\n\n<p><strong>Partage d&rsquo;informations<\/strong><br>Nous ne partageons aucune donn\u00e9e personnelle identifiable avec des tiers. Toutefois, des services tiers tels que Google AdSense et Google Analytics peuvent collecter et traiter des donn\u00e9es conform\u00e9ment \u00e0 leurs propres politiques de confidentialit\u00e9.<\/p>\n\n\n\n<p>Pour en savoir plus sur la mani\u00e8re dont Google utilise vos donn\u00e9es, consultez la politique de confidentialit\u00e9 de Google.<\/p>\n\n\n\n<br>\n\n\n\n<p><strong>Vos droits<\/strong><br>Bien que nous ne collectons pas directement de donn\u00e9es personnelles, vous pouvez :<\/p>\n\n\n\n<ul><li>Refuser l\u2019utilisation des cookies via les param\u00e8tres de votre navigateur. <\/li><li>D\u00e9sactiver les publicit\u00e9s personnalis\u00e9es via les outils fournis par Google.<\/li><\/ul>\n\n\n\n<br>\n\n\n\n<p><strong>S\u00e9curit\u00e9<\/strong><br>Nous prenons des mesures pour assurer la s\u00e9curit\u00e9 des informations transmises via notre site. Toutefois, nous rappelons qu&rsquo;aucune transmission de donn\u00e9es sur Internet n&rsquo;est totalement s\u00e9curis\u00e9e.<\/p>\n\n\n\n<br>\n\n\n\n<p><strong>Modifications de cette politique<\/strong><br>Cette politique de confidentialit\u00e9 peut \u00eatre mise \u00e0 jour pour refl\u00e9ter les changements apport\u00e9s \u00e0 notre site ou pour se conformer aux exigences l\u00e9gales. Nous vous encourageons \u00e0 consulter cette page r\u00e9guli\u00e8rement.<\/p>\n\n\n\n<br>\n\n\n\n<p><strong>Contact<\/strong><br>Pour toute question ou pr\u00e9occupation concernant cette politique de confidentialit\u00e9, veuillez nous contacter \u00e0 :<br>Email : myzonehotels@gmail.com<\/p>\n","protected":false},"excerpt":{"rendered":"<p>Derni\u00e8re mise \u00e0 jour : 2025-01-23 Nous respectons la confidentialit\u00e9 de nos visiteurs. Cette politique de confidentialit\u00e9 explique comment nous<\/p>\n","protected":false},"author":1,"featured_media":0,"parent":0,"menu_order":0,"comment_status":"closed","ping_status":"closed","template":"","meta":{"colormag_page_container_layout":"no_sidebar_content_centered","colormag_page_sidebar_layout":"no_sidebar"},"_links":{"self":[{"href":"https:\/\/myzonehotels.com\/fr\/wp-json\/wp\/v2\/pages\/1218"}],"collection":[{"href":"https:\/\/myzonehotels.com\/fr\/wp-json\/wp\/v2\/pages"}],"about":[{"href":"https:\/\/myzonehotels.com\/fr\/wp-json\/wp\/v2\/types\/page"}],"author":[{"embeddable":true,"href":"https:\/\/myzonehotels.com\/fr\/wp-json\/wp\/v2\/users\/1"}],"replies":[{"embeddable":true,"href":"https:\/\/myzonehotels.com\/fr\/wp-json\/wp\/v2\/comments?post=1218"}],"version-history":[{"count":3,"href":"https:\/\/myzonehotels.com\/fr\/wp-json\/wp\/v2\/pages\/1218\/revisions"}],"predecessor-version":[{"id":1221,"href":"https:\/\/myzonehotels.com\/fr\/wp-json\/wp\/v2\/pages\/1218\/revisions\/1221"}],"wp:attachment":[{"href":"https:\/\/myzonehotels.com\/fr\/wp-json\/wp\/v2\/media?parent=1218"}],"curies":[{"name":"wp","href":"https:\/\/api.w.org\/{rel}","templated":true}]}}