{"id":12,"date":"2021-11-16T00:44:04","date_gmt":"2021-11-16T00:44:04","guid":{"rendered":"http:\/\/myzonehotels.com\/fr\/?page_id=12"},"modified":"2025-09-27T16:07:21","modified_gmt":"2025-09-27T21:07:21","slug":"gaspesie","status":"publish","type":"page","link":"https:\/\/myzonehotels.com\/fr\/gaspesie\/","title":{"rendered":"Est du Qu\u00e9bec"},"content":{"rendered":"\n<p align=\"right\">\n<a href=\"https:\/\/myzonehotels.com\/\" title=\"EN \/\">EN \/<\/a><a href=\"https:\/\/myzonehotels.com\/fr\/gaspesie\/\" title=\" FR\" class=\"current_language\"> FR<\/a>\n<\/p>\n\n\n<div class=\"wp-block-kadence-posts kb-posts kb-posts-id-_dbe2c0-ab content-wrap grid-cols kb-posts-style-boxed grid-sm-col-2 grid-lg-col-3 item-image-style-above\"><article class=\"entry content-bg loop-entry post-1094 post type-post status-publish format-standard has-post-thumbnail hentry category-est-quebec category-revue tag-canada tag-chandler tag-gaspesie tag-hotel-2 tag-quebec-2\">\n\t\t\t<a class=\"post-thumbnail kadence-thumbnail-ratio-2-3\" href=\"https:\/\/myzonehotels.com\/fr\/revue\/motel-chandler\/\">\n\t\t\t<div class=\"post-thumbnail-inner\">\n\t\t\t\t<img width=\"768\" height=\"432\" src=\"https:\/\/myzonehotels.com\/fr\/wp-content\/uploads\/sites\/4\/2024\/07\/FeaturedImage_IMG_20220617_0703036-768x432.jpg\" class=\"attachment-medium_large size-medium_large wp-post-image\" alt=\"Motel Chandler\" loading=\"lazy\" srcset=\"https:\/\/myzonehotels.com\/fr\/wp-content\/uploads\/sites\/4\/2024\/07\/FeaturedImage_IMG_20220617_0703036-768x432.jpg 768w, https:\/\/myzonehotels.com\/fr\/wp-content\/uploads\/sites\/4\/2024\/07\/FeaturedImage_IMG_20220617_0703036-300x169.jpg 300w, https:\/\/myzonehotels.com\/fr\/wp-content\/uploads\/sites\/4\/2024\/07\/FeaturedImage_IMG_20220617_0703036-1024x576.jpg 1024w, https:\/\/myzonehotels.com\/fr\/wp-content\/uploads\/sites\/4\/2024\/07\/FeaturedImage_IMG_20220617_0703036.jpg 1280w\" sizes=\"(max-width: 768px) 100vw, 768px\" \/>\t\t\t<\/div>\n\t\t<\/a><!-- .post-thumbnail -->\n\t\t\t<div class=\"entry-content-wrap\">\n\t\t<header class=\"entry-header\">\n\t<h3 class=\"entry-title\"><a href=\"https:\/\/myzonehotels.com\/fr\/revue\/motel-chandler\/\" rel=\"bookmark\">Motel Chandler<\/a><\/h3>\t<div class=\"entry-meta entry-meta-divider-dot\">\n\t\t<\/div><!-- .entry-meta -->\n\t<\/header><!-- .entry-header -->\n\t<div class=\"entry-summary\">\n\t\t<p>J\u2019ai visit\u00e9 Chandler une nouvelle fois pour un voyage d\u2019affaire. La premi\u00e8re fois, j\u2019avais s\u00e9journ\u00e9 au Motel Fraser, comme vous<\/p>\n\t<\/div><!-- .entry-summary -->\n\t<footer class=\"entry-footer\">\n\t\t\t<div class=\"entry-actions\">\n\t\t\t<p class=\"more-link-wrap\">\n\t\t\t\t<a href=\"https:\/\/myzonehotels.com\/fr\/revue\/motel-chandler\/\" class=\"post-more-link\">\n\t\t\t\t\tCONTINUER \u00c0 LIRE<span class=\"screen-reader-text\"> Motel Chandler<\/span><span class=\"kadence-svg-iconset svg-baseline\"><svg aria-hidden=\"true\" class=\"kadence-svg-icon kadence-arrow-right-alt-svg\" fill=\"currentColor\" version=\"1.1\" xmlns=\"http:\/\/www.w3.org\/2000\/svg\" width=\"27\" height=\"28\" viewBox=\"0 0 27 28\"><title>Continue<\/title><path d=\"M27 13.953c0 0.141-0.063 0.281-0.156 0.375l-6 5.531c-0.156 0.141-0.359 0.172-0.547 0.094-0.172-0.078-0.297-0.25-0.297-0.453v-3.5h-19.5c-0.281 0-0.5-0.219-0.5-0.5v-3c0-0.281 0.219-0.5 0.5-0.5h19.5v-3.5c0-0.203 0.109-0.375 0.297-0.453s0.391-0.047 0.547 0.078l6 5.469c0.094 0.094 0.156 0.219 0.156 0.359v0z\"><\/path>\n\t\t\t<\/svg><\/span>\t\t\t\t<\/a>\n\t\t\t<\/p>\n\t\t<\/div><!-- .entry-actions -->\n\t\t<\/footer><!-- .entry-footer -->\t<\/div>\n<\/article>\n<article class=\"entry content-bg loop-entry post-1064 post type-post status-publish format-standard has-post-thumbnail hentry category-est-quebec category-gaspesie-2 category-revue tag-canada tag-chandler tag-fraser tag-gaspesie tag-hotel-2 tag-quebec-2\">\n\t\t\t<a class=\"post-thumbnail kadence-thumbnail-ratio-2-3\" href=\"https:\/\/myzonehotels.com\/fr\/revue\/hotel-fraser\/\">\n\t\t\t<div class=\"post-thumbnail-inner\">\n\t\t\t\t<img width=\"768\" height=\"432\" src=\"https:\/\/myzonehotels.com\/fr\/wp-content\/uploads\/sites\/4\/2024\/05\/Featured-IMG_20220506_0030040-768x432.jpg\" class=\"attachment-medium_large size-medium_large wp-post-image\" alt=\"Hotel Fraser Chandler\" loading=\"lazy\" srcset=\"https:\/\/myzonehotels.com\/fr\/wp-content\/uploads\/sites\/4\/2024\/05\/Featured-IMG_20220506_0030040-768x432.jpg 768w, https:\/\/myzonehotels.com\/fr\/wp-content\/uploads\/sites\/4\/2024\/05\/Featured-IMG_20220506_0030040-300x169.jpg 300w, https:\/\/myzonehotels.com\/fr\/wp-content\/uploads\/sites\/4\/2024\/05\/Featured-IMG_20220506_0030040-1024x576.jpg 1024w, https:\/\/myzonehotels.com\/fr\/wp-content\/uploads\/sites\/4\/2024\/05\/Featured-IMG_20220506_0030040.jpg 1280w\" sizes=\"(max-width: 768px) 100vw, 768px\" \/>\t\t\t<\/div>\n\t\t<\/a><!-- .post-thumbnail -->\n\t\t\t<div class=\"entry-content-wrap\">\n\t\t<header class=\"entry-header\">\n\t<h3 class=\"entry-title\"><a href=\"https:\/\/myzonehotels.com\/fr\/revue\/hotel-fraser\/\" rel=\"bookmark\">Hotel Fraser<\/a><\/h3>\t<div class=\"entry-meta entry-meta-divider-dot\">\n\t\t<\/div><!-- .entry-meta -->\n\t<\/header><!-- .entry-header -->\n\t<div class=\"entry-summary\">\n\t\t<p>Le Motel Fraser est l\u2019un des rares h\u00f4tel de la ville de Chandler en Gasp\u00e9sie. \u00c0 ne pas confondre avec<\/p>\n\t<\/div><!-- .entry-summary -->\n\t<footer class=\"entry-footer\">\n\t\t\t<div class=\"entry-actions\">\n\t\t\t<p class=\"more-link-wrap\">\n\t\t\t\t<a href=\"https:\/\/myzonehotels.com\/fr\/revue\/hotel-fraser\/\" class=\"post-more-link\">\n\t\t\t\t\tCONTINUER \u00c0 LIRE<span class=\"screen-reader-text\"> Hotel Fraser<\/span><span class=\"kadence-svg-iconset svg-baseline\"><svg aria-hidden=\"true\" class=\"kadence-svg-icon kadence-arrow-right-alt-svg\" fill=\"currentColor\" version=\"1.1\" xmlns=\"http:\/\/www.w3.org\/2000\/svg\" width=\"27\" height=\"28\" viewBox=\"0 0 27 28\"><title>Continue<\/title><path d=\"M27 13.953c0 0.141-0.063 0.281-0.156 0.375l-6 5.531c-0.156 0.141-0.359 0.172-0.547 0.094-0.172-0.078-0.297-0.25-0.297-0.453v-3.5h-19.5c-0.281 0-0.5-0.219-0.5-0.5v-3c0-0.281 0.219-0.5 0.5-0.5h19.5v-3.5c0-0.203 0.109-0.375 0.297-0.453s0.391-0.047 0.547 0.078l6 5.469c0.094 0.094 0.156 0.219 0.156 0.359v0z\"><\/path>\n\t\t\t<\/svg><\/span>\t\t\t\t<\/a>\n\t\t\t<\/p>\n\t\t<\/div><!-- .entry-actions -->\n\t\t<\/footer><!-- .entry-footer -->\t<\/div>\n<\/article>\n<article class=\"entry content-bg loop-entry post-531 post type-post status-publish format-standard has-post-thumbnail hentry category-est-quebec category-revue tag-bas-st-laurent tag-c-hotel tag-canada tag-hotel-2 tag-navigateur tag-quebec-2 tag-rimouski\">\n\t\t\t<a class=\"post-thumbnail kadence-thumbnail-ratio-2-3\" href=\"https:\/\/myzonehotels.com\/fr\/revue\/hotel-le-navigateur\/\">\n\t\t\t<div class=\"post-thumbnail-inner\">\n\t\t\t\t<img width=\"768\" height=\"432\" src=\"https:\/\/myzonehotels.com\/fr\/wp-content\/uploads\/sites\/4\/2023\/05\/IMG_20211228_1727159_Featured-768x432.jpg\" class=\"attachment-medium_large size-medium_large wp-post-image\" alt=\"Hotel Le Navigateur\" loading=\"lazy\" srcset=\"https:\/\/myzonehotels.com\/fr\/wp-content\/uploads\/sites\/4\/2023\/05\/IMG_20211228_1727159_Featured-768x432.jpg 768w, https:\/\/myzonehotels.com\/fr\/wp-content\/uploads\/sites\/4\/2023\/05\/IMG_20211228_1727159_Featured-300x169.jpg 300w, https:\/\/myzonehotels.com\/fr\/wp-content\/uploads\/sites\/4\/2023\/05\/IMG_20211228_1727159_Featured-1024x576.jpg 1024w, https:\/\/myzonehotels.com\/fr\/wp-content\/uploads\/sites\/4\/2023\/05\/IMG_20211228_1727159_Featured.jpg 1280w\" sizes=\"(max-width: 768px) 100vw, 768px\" \/>\t\t\t<\/div>\n\t\t<\/a><!-- .post-thumbnail -->\n\t\t\t<div class=\"entry-content-wrap\">\n\t\t<header class=\"entry-header\">\n\t<h3 class=\"entry-title\"><a href=\"https:\/\/myzonehotels.com\/fr\/revue\/hotel-le-navigateur\/\" rel=\"bookmark\">H\u00f4tel Le Navigateur<\/a><\/h3>\t<div class=\"entry-meta entry-meta-divider-dot\">\n\t\t<\/div><!-- .entry-meta -->\n\t<\/header><!-- .entry-header -->\n\t<div class=\"entry-summary\">\n\t\t<p>J\u2019ai s\u00e9journ\u00e9 \u00e0 l\u2019H\u00f4tel Le Navigateur de la cha\u00eene C H\u00f4tels durant quelques jours lors de vacances en famille. Cet<\/p>\n\t<\/div><!-- .entry-summary -->\n\t<footer class=\"entry-footer\">\n\t\t\t<div class=\"entry-actions\">\n\t\t\t<p class=\"more-link-wrap\">\n\t\t\t\t<a href=\"https:\/\/myzonehotels.com\/fr\/revue\/hotel-le-navigateur\/\" class=\"post-more-link\">\n\t\t\t\t\tCONTINUER \u00c0 LIRE<span class=\"screen-reader-text\"> H\u00f4tel Le Navigateur<\/span><span class=\"kadence-svg-iconset svg-baseline\"><svg aria-hidden=\"true\" class=\"kadence-svg-icon kadence-arrow-right-alt-svg\" fill=\"currentColor\" version=\"1.1\" xmlns=\"http:\/\/www.w3.org\/2000\/svg\" width=\"27\" height=\"28\" viewBox=\"0 0 27 28\"><title>Continue<\/title><path d=\"M27 13.953c0 0.141-0.063 0.281-0.156 0.375l-6 5.531c-0.156 0.141-0.359 0.172-0.547 0.094-0.172-0.078-0.297-0.25-0.297-0.453v-3.5h-19.5c-0.281 0-0.5-0.219-0.5-0.5v-3c0-0.281 0.219-0.5 0.5-0.5h19.5v-3.5c0-0.203 0.109-0.375 0.297-0.453s0.391-0.047 0.547 0.078l6 5.469c0.094 0.094 0.156 0.219 0.156 0.359v0z\"><\/path>\n\t\t\t<\/svg><\/span>\t\t\t\t<\/a>\n\t\t\t<\/p>\n\t\t<\/div><!-- .entry-actions -->\n\t\t<\/footer><!-- .entry-footer -->\t<\/div>\n<\/article>\n<article class=\"entry content-bg loop-entry post-351 post type-post status-publish format-standard has-post-thumbnail hentry category-est-quebec category-gaspesie-2 category-revue tag-canada tag-choice-hotels tag-gaspe tag-gaspesie tag-motel tag-quebec-2 tag-rodeway-inn\">\n\t\t\t<a class=\"post-thumbnail kadence-thumbnail-ratio-2-3\" href=\"https:\/\/myzonehotels.com\/fr\/revue\/motel-adams\/\">\n\t\t\t<div class=\"post-thumbnail-inner\">\n\t\t\t\t<img width=\"666\" height=\"666\" src=\"https:\/\/myzonehotels.com\/fr\/wp-content\/uploads\/sites\/4\/2022\/08\/MotelAdams_IMG_20210820_1543080x.jpg\" class=\"attachment-medium_large size-medium_large wp-post-image\" alt=\"Motel Adams Gasp\u00e9\" loading=\"lazy\" srcset=\"https:\/\/myzonehotels.com\/fr\/wp-content\/uploads\/sites\/4\/2022\/08\/MotelAdams_IMG_20210820_1543080x.jpg 666w, https:\/\/myzonehotels.com\/fr\/wp-content\/uploads\/sites\/4\/2022\/08\/MotelAdams_IMG_20210820_1543080x-300x300.jpg 300w, https:\/\/myzonehotels.com\/fr\/wp-content\/uploads\/sites\/4\/2022\/08\/MotelAdams_IMG_20210820_1543080x-150x150.jpg 150w\" sizes=\"(max-width: 666px) 100vw, 666px\" \/>\t\t\t<\/div>\n\t\t<\/a><!-- .post-thumbnail -->\n\t\t\t<div class=\"entry-content-wrap\">\n\t\t<header class=\"entry-header\">\n\t<h3 class=\"entry-title\"><a href=\"https:\/\/myzonehotels.com\/fr\/revue\/motel-adams\/\" rel=\"bookmark\">Rodeway Inn Gasp\u00e9<\/a><\/h3>\t<div class=\"entry-meta entry-meta-divider-dot\">\n\t\t<\/div><!-- .entry-meta -->\n\t<\/header><!-- .entry-header -->\n\t<div class=\"entry-summary\">\n\t\t<p>Le Motel Adams (Rodeway Inn Gasp\u00e9) est situ\u00e9 en plein centre-ville de Gasp\u00e9. Cet h\u00f4tel fait partie de la banni\u00e8re<\/p>\n\t<\/div><!-- .entry-summary -->\n\t<footer class=\"entry-footer\">\n\t\t\t<div class=\"entry-actions\">\n\t\t\t<p class=\"more-link-wrap\">\n\t\t\t\t<a href=\"https:\/\/myzonehotels.com\/fr\/revue\/motel-adams\/\" class=\"post-more-link\">\n\t\t\t\t\tCONTINUER \u00c0 LIRE<span class=\"screen-reader-text\"> Rodeway Inn Gasp\u00e9<\/span><span class=\"kadence-svg-iconset svg-baseline\"><svg aria-hidden=\"true\" class=\"kadence-svg-icon kadence-arrow-right-alt-svg\" fill=\"currentColor\" version=\"1.1\" xmlns=\"http:\/\/www.w3.org\/2000\/svg\" width=\"27\" height=\"28\" viewBox=\"0 0 27 28\"><title>Continue<\/title><path d=\"M27 13.953c0 0.141-0.063 0.281-0.156 0.375l-6 5.531c-0.156 0.141-0.359 0.172-0.547 0.094-0.172-0.078-0.297-0.25-0.297-0.453v-3.5h-19.5c-0.281 0-0.5-0.219-0.5-0.5v-3c0-0.281 0.219-0.5 0.5-0.5h19.5v-3.5c0-0.203 0.109-0.375 0.297-0.453s0.391-0.047 0.547 0.078l6 5.469c0.094 0.094 0.156 0.219 0.156 0.359v0z\"><\/path>\n\t\t\t<\/svg><\/span>\t\t\t\t<\/a>\n\t\t\t<\/p>\n\t\t<\/div><!-- .entry-actions -->\n\t\t<\/footer><!-- .entry-footer -->\t<\/div>\n<\/article>\n<article class=\"entry content-bg loop-entry post-328 post type-post status-publish format-standard has-post-thumbnail hentry category-est-quebec category-gaspesie-2 category-revue tag-bonaventure tag-canada tag-gaspesie tag-quebec-2\">\n\t\t\t<a class=\"post-thumbnail kadence-thumbnail-ratio-2-3\" href=\"https:\/\/myzonehotels.com\/fr\/revue\/motel-grand-pre\/\">\n\t\t\t<div class=\"post-thumbnail-inner\">\n\t\t\t\t<img width=\"768\" height=\"768\" src=\"https:\/\/myzonehotels.com\/fr\/wp-content\/uploads\/sites\/4\/2022\/07\/GrandPre_IMG_20210818_1848505x-768x768.jpg\" class=\"attachment-medium_large size-medium_large wp-post-image\" alt=\"Motel Grand-Pr\u00e9\" loading=\"lazy\" srcset=\"https:\/\/myzonehotels.com\/fr\/wp-content\/uploads\/sites\/4\/2022\/07\/GrandPre_IMG_20210818_1848505x-768x768.jpg 768w, https:\/\/myzonehotels.com\/fr\/wp-content\/uploads\/sites\/4\/2022\/07\/GrandPre_IMG_20210818_1848505x-300x300.jpg 300w, https:\/\/myzonehotels.com\/fr\/wp-content\/uploads\/sites\/4\/2022\/07\/GrandPre_IMG_20210818_1848505x-1024x1024.jpg 1024w, https:\/\/myzonehotels.com\/fr\/wp-content\/uploads\/sites\/4\/2022\/07\/GrandPre_IMG_20210818_1848505x-150x150.jpg 150w, https:\/\/myzonehotels.com\/fr\/wp-content\/uploads\/sites\/4\/2022\/07\/GrandPre_IMG_20210818_1848505x.jpg 1080w\" sizes=\"(max-width: 768px) 100vw, 768px\" \/>\t\t\t<\/div>\n\t\t<\/a><!-- .post-thumbnail -->\n\t\t\t<div class=\"entry-content-wrap\">\n\t\t<header class=\"entry-header\">\n\t<h3 class=\"entry-title\"><a href=\"https:\/\/myzonehotels.com\/fr\/revue\/motel-grand-pre\/\" rel=\"bookmark\">Motel Grand-Pr\u00e9<\/a><\/h3>\t<div class=\"entry-meta entry-meta-divider-dot\">\n\t\t<\/div><!-- .entry-meta -->\n\t<\/header><!-- .entry-header -->\n\t<div class=\"entry-summary\">\n\t\t<p>Le Motel Grand-Pr\u00e9 est situ\u00e9 \u00e0 Bonaventure en Gasp\u00e9sie, \u00e0 l\u2019embouchure de la Rivi\u00e8re Bonaventure sur la Baie des Chaleurs.&nbsp;<\/p>\n\t<\/div><!-- .entry-summary -->\n\t<footer class=\"entry-footer\">\n\t\t\t<div class=\"entry-actions\">\n\t\t\t<p class=\"more-link-wrap\">\n\t\t\t\t<a href=\"https:\/\/myzonehotels.com\/fr\/revue\/motel-grand-pre\/\" class=\"post-more-link\">\n\t\t\t\t\tCONTINUER \u00c0 LIRE<span class=\"screen-reader-text\"> Motel Grand-Pr\u00e9<\/span><span class=\"kadence-svg-iconset svg-baseline\"><svg aria-hidden=\"true\" class=\"kadence-svg-icon kadence-arrow-right-alt-svg\" fill=\"currentColor\" version=\"1.1\" xmlns=\"http:\/\/www.w3.org\/2000\/svg\" width=\"27\" height=\"28\" viewBox=\"0 0 27 28\"><title>Continue<\/title><path d=\"M27 13.953c0 0.141-0.063 0.281-0.156 0.375l-6 5.531c-0.156 0.141-0.359 0.172-0.547 0.094-0.172-0.078-0.297-0.25-0.297-0.453v-3.5h-19.5c-0.281 0-0.5-0.219-0.5-0.5v-3c0-0.281 0.219-0.5 0.5-0.5h19.5v-3.5c0-0.203 0.109-0.375 0.297-0.453s0.391-0.047 0.547 0.078l6 5.469c0.094 0.094 0.156 0.219 0.156 0.359v0z\"><\/path>\n\t\t\t<\/svg><\/span>\t\t\t\t<\/a>\n\t\t\t<\/p>\n\t\t<\/div><!-- .entry-actions -->\n\t\t<\/footer><!-- .entry-footer -->\t<\/div>\n<\/article>\n<article class=\"entry content-bg loop-entry post-48 post type-post status-publish format-standard has-post-thumbnail hentry category-est-quebec category-gaspesie-2 category-revue tag-canada tag-gaspe tag-gaspe-2 tag-gaspesie tag-quebec tag-quebec-2\">\n\t\t\t<a class=\"post-thumbnail kadence-thumbnail-ratio-2-3\" href=\"https:\/\/myzonehotels.com\/fr\/revue\/fort-prevel\/\">\n\t\t\t<div class=\"post-thumbnail-inner\">\n\t\t\t\t<img width=\"768\" height=\"512\" src=\"https:\/\/myzonehotels.com\/fr\/wp-content\/uploads\/sites\/4\/2021\/10\/FortPrevel_IMG_20210819_1928262-768x512.jpg\" class=\"attachment-medium_large size-medium_large wp-post-image\" alt=\"Fort Pr\u00e9vel\" loading=\"lazy\" srcset=\"https:\/\/myzonehotels.com\/fr\/wp-content\/uploads\/sites\/4\/2021\/10\/FortPrevel_IMG_20210819_1928262-768x512.jpg 768w, https:\/\/myzonehotels.com\/fr\/wp-content\/uploads\/sites\/4\/2021\/10\/FortPrevel_IMG_20210819_1928262-300x200.jpg 300w, https:\/\/myzonehotels.com\/fr\/wp-content\/uploads\/sites\/4\/2021\/10\/FortPrevel_IMG_20210819_1928262-1024x683.jpg 1024w, https:\/\/myzonehotels.com\/fr\/wp-content\/uploads\/sites\/4\/2021\/10\/FortPrevel_IMG_20210819_1928262-1536x1024.jpg 1536w, https:\/\/myzonehotels.com\/fr\/wp-content\/uploads\/sites\/4\/2021\/10\/FortPrevel_IMG_20210819_1928262-2048x1365.jpg 2048w\" sizes=\"(max-width: 768px) 100vw, 768px\" \/>\t\t\t<\/div>\n\t\t<\/a><!-- .post-thumbnail -->\n\t\t\t<div class=\"entry-content-wrap\">\n\t\t<header class=\"entry-header\">\n\t<h3 class=\"entry-title\"><a href=\"https:\/\/myzonehotels.com\/fr\/revue\/fort-prevel\/\" rel=\"bookmark\">Fort Pr\u00e9vel<\/a><\/h3>\t<div class=\"entry-meta entry-meta-divider-dot\">\n\t\t<\/div><!-- .entry-meta -->\n\t<\/header><!-- .entry-header -->\n\t<div class=\"entry-summary\">\n\t\t<p>Fort Pr\u00e9vel&nbsp;est une propri\u00e9t\u00e9 situ\u00e9e sur le bord de la baie de Gasp\u00e9 qui comprend une auberge, un camping, des<\/p>\n\t<\/div><!-- .entry-summary -->\n\t<footer class=\"entry-footer\">\n\t\t\t<div class=\"entry-actions\">\n\t\t\t<p class=\"more-link-wrap\">\n\t\t\t\t<a href=\"https:\/\/myzonehotels.com\/fr\/revue\/fort-prevel\/\" class=\"post-more-link\">\n\t\t\t\t\tCONTINUER \u00c0 LIRE<span class=\"screen-reader-text\"> Fort Pr\u00e9vel<\/span><span class=\"kadence-svg-iconset svg-baseline\"><svg aria-hidden=\"true\" class=\"kadence-svg-icon kadence-arrow-right-alt-svg\" fill=\"currentColor\" version=\"1.1\" xmlns=\"http:\/\/www.w3.org\/2000\/svg\" width=\"27\" height=\"28\" viewBox=\"0 0 27 28\"><title>Continue<\/title><path d=\"M27 13.953c0 0.141-0.063 0.281-0.156 0.375l-6 5.531c-0.156 0.141-0.359 0.172-0.547 0.094-0.172-0.078-0.297-0.25-0.297-0.453v-3.5h-19.5c-0.281 0-0.5-0.219-0.5-0.5v-3c0-0.281 0.219-0.5 0.5-0.5h19.5v-3.5c0-0.203 0.109-0.375 0.297-0.453s0.391-0.047 0.547 0.078l6 5.469c0.094 0.094 0.156 0.219 0.156 0.359v0z\"><\/path>\n\t\t\t<\/svg><\/span>\t\t\t\t<\/a>\n\t\t\t<\/p>\n\t\t<\/div><!-- .entry-actions -->\n\t\t<\/footer><!-- .entry-footer -->\t<\/div>\n<\/article>\n<\/div>","protected":false},"excerpt":{"rendered":"","protected":false},"author":1,"featured_media":0,"parent":0,"menu_order":0,"comment_status":"closed","ping_status":"closed","template":"","meta":{"colormag_page_container_layout":"no_sidebar_full_width","colormag_page_sidebar_layout":"no_sidebar"},"_links":{"self":[{"href":"https:\/\/myzonehotels.com\/fr\/wp-json\/wp\/v2\/pages\/12"}],"collection":[{"href":"https:\/\/myzonehotels.com\/fr\/wp-json\/wp\/v2\/pages"}],"about":[{"href":"https:\/\/myzonehotels.com\/fr\/wp-json\/wp\/v2\/types\/page"}],"author":[{"embeddable":true,"href":"https:\/\/myzonehotels.com\/fr\/wp-json\/wp\/v2\/users\/1"}],"replies":[{"embeddable":true,"href":"https:\/\/myzonehotels.com\/fr\/wp-json\/wp\/v2\/comments?post=12"}],"version-history":[{"count":15,"href":"https:\/\/myzonehotels.com\/fr\/wp-json\/wp\/v2\/pages\/12\/revisions"}],"predecessor-version":[{"id":1319,"href":"https:\/\/myzonehotels.com\/fr\/wp-json\/wp\/v2\/pages\/12\/revisions\/1319"}],"wp:attachment":[{"href":"https:\/\/myzonehotels.com\/fr\/wp-json\/wp\/v2\/media?parent=12"}],"curies":[{"name":"wp","href":"https:\/\/api.w.org\/{rel}","templated":true}]}}